{"id":546,"date":"2021-05-04T12:56:21","date_gmt":"2021-05-04T11:56:21","guid":{"rendered":"https:\/\/nexoted.com\/?page_id=546"},"modified":"2022-12-12T16:46:17","modified_gmt":"2022-12-12T15:46:17","slug":"politica-de-privacidad","status":"publish","type":"page","link":"https:\/\/nexoted.com\/es\/politica-de-privacidad\/","title":{"rendered":"Pol\u00edtica de privacidad"},"content":{"rendered":"\t\t<div data-elementor-type=\"wp-page\" data-elementor-id=\"546\" class=\"elementor elementor-546\" data-elementor-post-type=\"page\">\n\t\t\t\t\t\t<section class=\"elementor-section elementor-top-section elementor-element elementor-element-37adc87 elementor-section-boxed elementor-section-height-default elementor-section-height-default\" data-id=\"37adc87\" data-element_type=\"section\" data-e-type=\"section\">\n\t\t\t\t\t\t<div class=\"elementor-container elementor-column-gap-no\">\n\t\t\t\t\t<div class=\"elementor-column elementor-col-100 elementor-top-column elementor-element elementor-element-8fd69db\" data-id=\"8fd69db\" data-element_type=\"column\" data-e-type=\"column\">\n\t\t\t<div class=\"elementor-widget-wrap elementor-element-populated\">\n\t\t\t\t\t\t<div class=\"elementor-element elementor-element-2d4ebba elementor-widget elementor-widget-spacer\" data-id=\"2d4ebba\" data-element_type=\"widget\" data-e-type=\"widget\" data-widget_type=\"spacer.default\">\n\t\t\t\t<div class=\"elementor-widget-container\">\n\t\t\t\t\t\t\t<div class=\"elementor-spacer\">\n\t\t\t<div class=\"elementor-spacer-inner\"><\/div>\n\t\t<\/div>\n\t\t\t\t\t\t<\/div>\n\t\t\t\t<\/div>\n\t\t\t\t<div class=\"elementor-element elementor-element-fdbc173 elementor-widget elementor-widget-heading\" data-id=\"fdbc173\" data-element_type=\"widget\" data-e-type=\"widget\" data-widget_type=\"heading.default\">\n\t\t\t\t<div class=\"elementor-widget-container\">\n\t\t\t\t\t<h2 class=\"elementor-heading-title elementor-size-default\">Pol\u00edtica de Privacidad<\/h2>\t\t\t\t<\/div>\n\t\t\t\t<\/div>\n\t\t\t\t<div class=\"elementor-element elementor-element-84ea099 elementor-widget elementor-widget-spacer\" data-id=\"84ea099\" data-element_type=\"widget\" data-e-type=\"widget\" data-widget_type=\"spacer.default\">\n\t\t\t\t<div class=\"elementor-widget-container\">\n\t\t\t\t\t\t\t<div class=\"elementor-spacer\">\n\t\t\t<div class=\"elementor-spacer-inner\"><\/div>\n\t\t<\/div>\n\t\t\t\t\t\t<\/div>\n\t\t\t\t<\/div>\n\t\t\t\t<div class=\"elementor-element elementor-element-6b0807c elementor-widget elementor-widget-text-editor\" data-id=\"6b0807c\" data-element_type=\"widget\" data-e-type=\"widget\" data-widget_type=\"text-editor.default\">\n\t\t\t\t<div class=\"elementor-widget-container\">\n\t\t\t\t\t\t\t\t\t<p>A trav\u00e9s de la presente Pol\u00edtica se informa que los datos personales de los clientes ser\u00e1n tratados de conformidad con los principios de transparencia, limitaci\u00f3n de la finalidad, minimizaci\u00f3n de datos, exactitud, integridad y confidencialidad, as\u00ed como respetando el resto de obligaciones y garant\u00edas establecidas en el Reglamento (UE) 2016\/679 del Parlamento Europeo y del Consejo de 27 de abril de 2016 relativo a la protecci\u00f3n de las personas f\u00edsicas en lo que respecta al tratamiento de datos personales y a la libre circulaci\u00f3n de estos datos.<\/p><p>Para ello hemos actualizado nuestra Pol\u00edtica de Privacidad, que afecta a personas f\u00edsicas y a los interlocutores de empresas, y que sustituye a la que anteriormente regulaba el tratamiento de los datos de SOLUCIONES TECNICAS NEXOTED, S.L, con el objetivo de renovar la confianza del cliente y brindarle una experiencia diferencial.<\/p><p>A los efectos de cumplir con la mencionada normativa y ayudar al Cliente o usuario de SOLUCIONES TECNICAS NEXOTED, S.L a entender c\u00f3mo se recopilan, emplean, tratan y protegen sus datos personales, SOLUCIONES TECNICAS NEXOTED, S.L le informa de los siguientes aspectos relacionados con su derecho a la protecci\u00f3n de datos personales.<\/p><p>\u00a0<\/p><p><b>Glosario de t\u00e9rminos<\/b><\/p><p>Para la mejor comprensi\u00f3n de la Pol\u00edtica de privacidad, se definen los siguientes conceptos a los que se ir\u00e1 haciendo referencia en la misma:<\/p><ul><li><strong>Cliente o titular<\/strong>: persona o empresa que realice y mantenga la relaci\u00f3n contractual con SOLUCIONES TECNICAS NEXOTED, S.L<\/li><li><strong>Usuario<\/strong>: persona que interact\u00fae en la web de SOLUCIONES TECNICAS NEXOTED, S.L.<\/li><li><strong>Interlocutor de empresa<\/strong>: persona designada por SOLUCIONES TECNICAS NEXOTED, S.L que interactue para comunicaciones informativas y\/o comerciales.<\/li><li><strong>Producto o Servicio<\/strong>: productos o servicios cuya comercializaci\u00f3n se realice bajo SOLUCIONES TECNICAS NEXOTED, S.L<\/li><\/ul><p>\u00a0<\/p><p><strong>\u00bfQui\u00e9n trata tus datos?<\/strong><\/p><p>Identidad: SOLUCIONES TECNICAS NEXOTED, S.L<\/p><p>Dire. Postal: POL INDUSTRIAL VEIGADA\u00d1A\u00a0\u00a0 C ANEL DO PERRAL , 43 36416 MOS<\/p><p>Tel\u00e9fono: 986 441 175<\/p><p>Correo Electr\u00f3nico: <a href=\"mailto:nexoted@nexoted.com\">nexoted@nexoted.com<\/a><\/p><p>\u00a0<\/p><p><strong>\u00bfQu\u00e9 es un dato personal y qu\u00e9 datos tratamos?<\/strong><\/p><p>Los datos personales consisten en informaci\u00f3n que identifica o que permite identificar a personas individuales como el nombre, la direcci\u00f3n postal, la direcci\u00f3n de correo electr\u00f3nico o el n\u00famero de tel\u00e9fono, etc.<\/p><p>Desde SOLUCIONES TECNICAS NEXOTED, S.L, tratamos la informaci\u00f3n personal que el cliente facilita para la contrataci\u00f3n de un producto o servicio, as\u00ed como la informaci\u00f3n generada a trav\u00e9s de la prestaci\u00f3n del mismo. En base al principio de minimizaci\u00f3n, los datos que podremos tratar ser\u00e1n adecuados, pertinentes y limitados a los necesarios en funci\u00f3n de los fines para los cuales son tratados, y respetando siempre la voluntad del cliente.<\/p><p>Los datos que podr\u00e1n ser objeto de tratamiento, dependiendo de los Productos y\/o Servicios que el Cliente tenga contratados, as\u00ed como de los tratamientos adicionales permitidos o autorizados por el Cliente, ser\u00e1n los determinados en las siguientes categor\u00edas:<\/p><ul><li><strong>Datos de cliente<\/strong>: es el conjunto de datos formado por los datos de contacto, edad, as\u00ed como cualquier tipo de informaci\u00f3n recabada<\/li><li><strong>Datos de los Productos o Servicios<\/strong>: tipo de productos y\/o servicios que han sido contratados por el cliente<\/li><li><strong>Datos de visitas web<\/strong>: son los datos de la direcci\u00f3n IP p\u00fablica de cada conexi\u00f3n realizada por el usuario, incluyendo su fecha y hora de conexi\u00f3n, la consulta al DNS, las p\u00e1ginas webs consultadas o las aplicaciones utilizadas por el cliente, la IP de la web que el cliente consulta, nombre de dominio (URL), apartados visitados dentro de la p\u00e1gina web (URI), volumen de datos utilizados, fecha de la conexi\u00f3n e IMSI.<\/li><\/ul><p>No obstante lo anterior, se informa que la prestaci\u00f3n de los Productos y\/o Servicios de SOLUCIONES TECNICAS NEXOTED, S.L \u00a0podr\u00e1n implicar el tratamiento de otras categor\u00edas de datos no incluidas en esta enumeraci\u00f3n, en tal caso, el Cliente ser\u00e1 informado de las condiciones de privacidad espec\u00edficas solicit\u00e1ndolas al correo nexoted@nexoted.com )<\/p><p>Sin perjuicio de los datos indicados anteriormente, SOLUCIONES TECNICAS NEXOTED, S.L \u00a0informa que los datos tratados podr\u00e1n ser objeto de un proceso de anonimizaci\u00f3n irreversible cumpliendo con todas las garant\u00edas establecidas por la legislaci\u00f3n as\u00ed como las medidas que permita el mercado. A este respecto, se\u00f1alar que los principios de protecci\u00f3n de datos de car\u00e1cter personal no son aplicables a la informaci\u00f3n an\u00f3nima.<\/p><p>\u00a0<\/p><p><strong>\u00bfC\u00f3mo tratamos tus datos?<\/strong><\/p><p>En la presente Pol\u00edtica se recoge el detalle de la forma en la que SOLUCIONES TECNICAS NEXOTED, S.L trata los datos personales, y de la cual se ha informado al Cliente.<\/p><p>\u00a0<\/p><p><strong>\u00bfQu\u00e9 implica ser Cliente?<\/strong><\/p><p>El Cliente es el responsable de la relaci\u00f3n establecida, y el que acepta las condiciones en las que se desarrolla la misma. En este sentido, garantiza que est\u00e1 facultado y ha obtenido el consentimiento de los usuarios o interlocutores para aceptar las condiciones de privacidad que se establecen en la presente Pol\u00edtica.<\/p><p>\u00a0<\/p><p><strong>\u00bfPara qu\u00e9 tratamos tus datos?<\/strong><\/p><p>En SOLUCIONES TECNICAS NEXOTED, S.L tratamos los datos del cliente para la prestaci\u00f3n del servicio, as\u00ed como para otras finalidades que el mismo permita o autorice en los t\u00e9rminos informados en la presente Pol\u00edtica de Privacidad.<\/p><p>El Cliente ser\u00e1 el \u00fanico responsable de toda la informaci\u00f3n que se proporcione a SOLUCIONES TECNICAS NEXOTED, S.L para la gesti\u00f3n y contrataci\u00f3n de los productos y\/o servicios, garantizando que est\u00e1 facultado y ha obtenido el consentimiento de su titular para la entrega. SOLUCIONES TECNICAS NEXOTED, S.L no se responsabiliza de la utilizaci\u00f3n de datos falsos, inexactos, incompletos, no actualizados proporcionados por el Cliente.<\/p><p>\u00a0<\/p><p><strong>Plazos de conservaci\u00f3n de la informaci\u00f3n<\/strong><\/p><p>Se informa al cliente de que, en cumplimiento del principio de limitaci\u00f3n del plazo de conservaci\u00f3n, los datos recogidos ser\u00e1n tratados \u00fanica y exclusivamente durante el tiempo necesario y para las finalidades para las que se hayan recabado en cada momento. Ser\u00e1n pues mantenidos de forma que se permita la identificaci\u00f3n de los interesados durante no m\u00e1s tiempo del necesario para los fines del tratamiento de los datos personales.<\/p><p>En concreto, SOLUCIONES TECNICAS NEXOTED, S.L se encuentra sometida al cumplimiento de determinadas obligaciones legales, como por ejemplo, la <span style=\"text-decoration: underline;\">Ley General Tributaria art. 66-70 para el tratamiento de datos para su facturaci\u00f3n y posible cesi\u00f3n de los mismos en caso de obligaciones legales.<\/span><\/p><p>\u00a0<\/p><p><strong>Ejercicio de derechos<\/strong><\/p><p>De conformidad con lo establecido en la normativa aplicable, SOLUCIONES TECNICAS NEXOTED, S.L informa al cliente que tiene los siguientes derechos derivados de la normativa aplicable:<\/p><ul><li><strong>Acceso<\/strong>: permite al titular de los datos obtener informaci\u00f3n sobre si en SOLUCIONES TECNICAS NEXOTED, S.L estamos tratando datos personales que le conciernen o no y, en tal caso, derecho a obtener informaci\u00f3n sobre tus datos de car\u00e1cter personal sometidos a tratamiento.<\/li><li><strong>Rectificaci\u00f3n<\/strong>: permite corregir errores y modificar los datos que resulten ser inexactos o incompletos.<\/li><li><strong>Supresi\u00f3n<\/strong>: permite que los datos sean suprimidos y dejen de tratarse por SOLUCIONES TECNICAS NEXOTED, S.L, salvo que exista obligaci\u00f3n legal de conservarlos y\/o no prevalezcan otros motivos leg\u00edtimos para su tratamiento por SOLUCIONES TECNICAS NEXOTED, S.L<\/li><li><strong>Limitaci\u00f3n<\/strong>: bajo las condiciones establecidas legalmente, permite que el tratamiento de datos se paralice, de tal manera que se evite por parte de SOLUCIONES TECNICAS NEXOTED, S.L su tratamiento en un futuro, que \u00fanicamente los conservar\u00e1 para el ejercicio o la defensa de reclamaciones.<\/li><li><strong>Oposici\u00f3n<\/strong>: en determinadas circunstancias y por motivos relacionados con su situaci\u00f3n particular, los interesados podr\u00e1n oponerse al tratamiento de sus datos. SOLUCIONES TECNICAS NEXOTED, S.L dejar\u00e1 de tratar los datos, salvo por motivos leg\u00edtimos imperiosos, o el ejercicio o la defensa de posibles reclamaciones.<\/li><li><strong>Portabilidad<\/strong>: permite al interesado recibir sus datos personales y poder transmitirlos directamente a otro responsable en un formato estructurado, de uso com\u00fan y lectura mec\u00e1nica. Para el ejercicio de este derecho, ser\u00e1 necesario que el cliente proporcione un correo electr\u00f3nico v\u00e1lido.<\/li><\/ul><p>SOLUCIONES TECNICAS NEXOTED, S.L garantiza la adopci\u00f3n de las medidas necesarias para asegurar el ejercicio de estos derechos gratuitamente, siendo necesario para tal ejercicio que se adjunte copia de su documento oficial de identificaci\u00f3n:<\/p><ol><li>Para el ejercicio de cualquiera de los derechos citados anteriormente dirigiendo un escrito postal, indicando en la solicitud qu\u00e9 derecho ejerce, a:<ul><li>Identidad: SOLUCIONES TECNICAS NEXOTED, S.L<\/li><li>Postal: POL INDUSTRIAL VEIGADA\u00d1A C ANEL DO PERRAL , 43 36416 MOS<\/li><li>Correo Elect: <a href=\"mailto:nexoted@nexoted.com\">nexoted@nexoted.com<\/a><\/li><\/ul><\/li><\/ol><ol><li>Escribiendo un correo electr\u00f3nico a trav\u00e9s de la siguiente direcci\u00f3n, aportando la misma informaci\u00f3n expuesta en el apartado anterior, a: <a href=\"mailto:nexoted@nexoted.com\">nexoted@nexoted.com<\/a><\/li><li>Informaci\u00f3n que compartimos: destinatarios o categor\u00edas destinatarios<\/li><\/ol><p>Los datos no se ceder\u00e1n a \u00a0terceros, salvo en los casos en que exista una obligaci\u00f3n legal.<\/p><p><b>\u00a0<\/b><\/p><p><b>Seguridad y confidencialidad en el tratamiento de tu informaci\u00f3n<\/b><\/p><p>SOLUCIONES TECNICAS NEXOTED, S.L se preocupa por garantizar la seguridad, el secreto y la confidencialidad de tus datos, comunicaciones e informaci\u00f3n personal. Por eso, como parte de nuestro compromiso y en cumplimiento de la legislaci\u00f3n vigente, hemos adoptado las m\u00e1s exigentes y robustas medidas de seguridad y medios t\u00e9cnicos para evitar su p\u00e9rdida, mal uso o su acceso sin tu autorizaci\u00f3n.<\/p><p>Cuando recibimos los datos del cliente, utilizamos rigurosos procedimientos y funciones de seguridad para impedir cualquier acceso no autorizado.<\/p><p>Los datos personales que podamos recabar por medio de las distintas comunicaciones que mantengamos contigo ser\u00e1n tratados con absoluta confidencialidad, comprometi\u00e9ndonos a guardar secreto respecto de los mismos y garantizando el deber de guardarlos adoptando todas las medidas necesarias y razonables que eviten su alteraci\u00f3n, p\u00e9rdida y tratamiento o acceso no autorizado, de acuerdo con lo establecido en la legislaci\u00f3n aplicable.<\/p><p>\u00a0<\/p><p><strong>T<\/strong><b>ratamiento de datos de menores<\/b><\/p><p>SOLUCIONES TECNICAS NEXOTED, S.L proh\u00edbe expresamente que aquellos menores que no tengan la edad m\u00ednima prevista legalmente en la normativa vigente para poder consentir el tratamiento de sus datos personales por s\u00ed mismos, faciliten los mismos a SOLUCIONES TECNICAS NEXOTED, S.L sin el consentimiento previo de sus padres, tutores o representantes legales.<\/p><p>En el momento en el que los padres, tutores o representantes legales de estos menores detecten un tratamiento de datos no autorizado podr\u00e1n presentar sus consultas o reclamaciones dirigiendo un escrito a <a href=\"mailto:nexoted@nexoted.com\">nexoted@nexoted.com<\/a><\/p><p>\u00a0<\/p><p><strong>Cookies<\/strong><\/p><p>Al igual que otros portales de Internet, las p\u00e1ginas web de SOLUCIONES TECNICAS NEXOTED, S.L utilizan una tecnolog\u00eda denominada \u201ccookies\u201d para recabar informaci\u00f3n sobre las interacciones de los usuarios y forma de utilizaci\u00f3n de las P\u00e1ginas web.<\/p><p>Si deseas obtener informaci\u00f3n detallada sobre c\u00f3mo SOLUCIONES TECNICAS NEXOTED, S.L utiliza las cookies, puedes consultar aqu\u00ed la Pol\u00edtica de Cookies.<\/p>\t\t\t\t\t\t\t\t<\/div>\n\t\t\t\t<\/div>\n\t\t\t\t<div class=\"elementor-element elementor-element-b78e06b elementor-widget elementor-widget-spacer\" data-id=\"b78e06b\" data-element_type=\"widget\" data-e-type=\"widget\" data-widget_type=\"spacer.default\">\n\t\t\t\t<div class=\"elementor-widget-container\">\n\t\t\t\t\t\t\t<div class=\"elementor-spacer\">\n\t\t\t<div class=\"elementor-spacer-inner\"><\/div>\n\t\t<\/div>\n\t\t\t\t\t\t<\/div>\n\t\t\t\t<\/div>\n\t\t\t\t\t<\/div>\n\t\t<\/div>\n\t\t\t\t\t<\/div>\n\t\t<\/section>\n\t\t\t\t<\/div>\n\t\t","protected":false},"excerpt":{"rendered":"<p>Pol\u00edtica de Privacidad A trav\u00e9s de la presente Pol\u00edtica se informa que los datos personales de los clientes ser\u00e1n tratados de conformidad con los principios de transparencia, limitaci\u00f3n de la finalidad, minimizaci\u00f3n de datos, exactitud, integridad y confidencialidad, as\u00ed como respetando el resto de obligaciones y garant\u00edas establecidas en el Reglamento (UE) 2016\/679 del Parlamento [&hellip;]<\/p>\n","protected":false},"author":2,"featured_media":0,"parent":0,"menu_order":0,"comment_status":"closed","ping_status":"closed","template":"elementor_header_footer","meta":{"_acf_changed":false,"footnotes":""},"class_list":["post-546","page","type-page","status-publish","hentry"],"acf":[],"yoast_head":"<!-- This site is optimized with the Yoast SEO plugin v27.6 - https:\/\/yoast.com\/product\/yoast-seo-wordpress\/ -->\n<title>Pol\u00edtica de privacidad - Salvaescaleras Nexoted<\/title>\n<meta name=\"robots\" content=\"index, follow, max-snippet:-1, max-image-preview:large, max-video-preview:-1\" \/>\n<link rel=\"canonical\" href=\"https:\/\/nexoted.com\/politica-de-privacidad\/\" \/>\n<meta property=\"og:locale\" content=\"es_ES\" \/>\n<meta property=\"og:type\" content=\"article\" \/>\n<meta property=\"og:title\" content=\"Pol\u00edtica de privacidad - Salvaescaleras Nexoted\" \/>\n<meta property=\"og:description\" content=\"Pol\u00edtica de Privacidad A trav\u00e9s de la presente Pol\u00edtica se informa que los datos personales de los clientes ser\u00e1n tratados de conformidad con los principios de transparencia, limitaci\u00f3n de la finalidad, minimizaci\u00f3n de datos, exactitud, integridad y confidencialidad, as\u00ed como respetando el resto de obligaciones y garant\u00edas establecidas en el Reglamento (UE) 2016\/679 del Parlamento [&hellip;]\" \/>\n<meta property=\"og:url\" content=\"https:\/\/nexoted.com\/politica-de-privacidad\/\" \/>\n<meta property=\"og:site_name\" content=\"Salvaescaleras Nexoted\" \/>\n<meta property=\"article:modified_time\" content=\"2022-12-12T15:46:17+00:00\" \/>\n<meta name=\"twitter:card\" content=\"summary_large_image\" \/>\n<meta name=\"twitter:label1\" content=\"Tiempo de lectura\" \/>\n\t<meta name=\"twitter:data1\" content=\"8 minutos\" \/>\n<script type=\"application\/ld+json\" class=\"yoast-schema-graph\">{\"@context\":\"https:\\\/\\\/schema.org\",\"@graph\":[{\"@type\":\"WebPage\",\"@id\":\"https:\\\/\\\/nexoted.com\\\/politica-de-privacidad\\\/\",\"url\":\"https:\\\/\\\/nexoted.com\\\/politica-de-privacidad\\\/\",\"name\":\"Pol\u00edtica de privacidad - Salvaescaleras Nexoted\",\"isPartOf\":{\"@id\":\"https:\\\/\\\/nexoted.com\\\/es\\\/#website\"},\"datePublished\":\"2021-05-04T11:56:21+00:00\",\"dateModified\":\"2022-12-12T15:46:17+00:00\",\"breadcrumb\":{\"@id\":\"https:\\\/\\\/nexoted.com\\\/politica-de-privacidad\\\/#breadcrumb\"},\"inLanguage\":\"es\",\"potentialAction\":[{\"@type\":\"ReadAction\",\"target\":[\"https:\\\/\\\/nexoted.com\\\/politica-de-privacidad\\\/\"]}]},{\"@type\":\"BreadcrumbList\",\"@id\":\"https:\\\/\\\/nexoted.com\\\/politica-de-privacidad\\\/#breadcrumb\",\"itemListElement\":[{\"@type\":\"ListItem\",\"position\":1,\"name\":\"Portada\",\"item\":\"https:\\\/\\\/nexoted.com\\\/\"},{\"@type\":\"ListItem\",\"position\":2,\"name\":\"Pol\u00edtica de privacidad\"}]},{\"@type\":\"WebSite\",\"@id\":\"https:\\\/\\\/nexoted.com\\\/es\\\/#website\",\"url\":\"https:\\\/\\\/nexoted.com\\\/es\\\/\",\"name\":\"Salvaescaleras Nexoted\",\"description\":\"Accesibilidad\",\"potentialAction\":[{\"@type\":\"SearchAction\",\"target\":{\"@type\":\"EntryPoint\",\"urlTemplate\":\"https:\\\/\\\/nexoted.com\\\/es\\\/?s={search_term_string}\"},\"query-input\":{\"@type\":\"PropertyValueSpecification\",\"valueRequired\":true,\"valueName\":\"search_term_string\"}}],\"inLanguage\":\"es\"}]}<\/script>\n<!-- \/ Yoast SEO plugin. -->","yoast_head_json":{"title":"Pol\u00edtica de privacidad - Salvaescaleras Nexoted","robots":{"index":"index","follow":"follow","max-snippet":"max-snippet:-1","max-image-preview":"max-image-preview:large","max-video-preview":"max-video-preview:-1"},"canonical":"https:\/\/nexoted.com\/politica-de-privacidad\/","og_locale":"es_ES","og_type":"article","og_title":"Pol\u00edtica de privacidad - Salvaescaleras Nexoted","og_description":"Pol\u00edtica de Privacidad A trav\u00e9s de la presente Pol\u00edtica se informa que los datos personales de los clientes ser\u00e1n tratados de conformidad con los principios de transparencia, limitaci\u00f3n de la finalidad, minimizaci\u00f3n de datos, exactitud, integridad y confidencialidad, as\u00ed como respetando el resto de obligaciones y garant\u00edas establecidas en el Reglamento (UE) 2016\/679 del Parlamento [&hellip;]","og_url":"https:\/\/nexoted.com\/politica-de-privacidad\/","og_site_name":"Salvaescaleras Nexoted","article_modified_time":"2022-12-12T15:46:17+00:00","twitter_card":"summary_large_image","twitter_misc":{"Tiempo de lectura":"8 minutos"},"schema":{"@context":"https:\/\/schema.org","@graph":[{"@type":"WebPage","@id":"https:\/\/nexoted.com\/politica-de-privacidad\/","url":"https:\/\/nexoted.com\/politica-de-privacidad\/","name":"Pol\u00edtica de privacidad - Salvaescaleras Nexoted","isPartOf":{"@id":"https:\/\/nexoted.com\/es\/#website"},"datePublished":"2021-05-04T11:56:21+00:00","dateModified":"2022-12-12T15:46:17+00:00","breadcrumb":{"@id":"https:\/\/nexoted.com\/politica-de-privacidad\/#breadcrumb"},"inLanguage":"es","potentialAction":[{"@type":"ReadAction","target":["https:\/\/nexoted.com\/politica-de-privacidad\/"]}]},{"@type":"BreadcrumbList","@id":"https:\/\/nexoted.com\/politica-de-privacidad\/#breadcrumb","itemListElement":[{"@type":"ListItem","position":1,"name":"Portada","item":"https:\/\/nexoted.com\/"},{"@type":"ListItem","position":2,"name":"Pol\u00edtica de privacidad"}]},{"@type":"WebSite","@id":"https:\/\/nexoted.com\/es\/#website","url":"https:\/\/nexoted.com\/es\/","name":"Salvaescaleras Nexoted","description":"Accesibilidad","potentialAction":[{"@type":"SearchAction","target":{"@type":"EntryPoint","urlTemplate":"https:\/\/nexoted.com\/es\/?s={search_term_string}"},"query-input":{"@type":"PropertyValueSpecification","valueRequired":true,"valueName":"search_term_string"}}],"inLanguage":"es"}]}},"_links":{"self":[{"href":"https:\/\/nexoted.com\/es\/wp-json\/wp\/v2\/pages\/546","targetHints":{"allow":["GET"]}}],"collection":[{"href":"https:\/\/nexoted.com\/es\/wp-json\/wp\/v2\/pages"}],"about":[{"href":"https:\/\/nexoted.com\/es\/wp-json\/wp\/v2\/types\/page"}],"author":[{"embeddable":true,"href":"https:\/\/nexoted.com\/es\/wp-json\/wp\/v2\/users\/2"}],"replies":[{"embeddable":true,"href":"https:\/\/nexoted.com\/es\/wp-json\/wp\/v2\/comments?post=546"}],"version-history":[{"count":20,"href":"https:\/\/nexoted.com\/es\/wp-json\/wp\/v2\/pages\/546\/revisions"}],"predecessor-version":[{"id":3630,"href":"https:\/\/nexoted.com\/es\/wp-json\/wp\/v2\/pages\/546\/revisions\/3630"}],"wp:attachment":[{"href":"https:\/\/nexoted.com\/es\/wp-json\/wp\/v2\/media?parent=546"}],"curies":[{"name":"wp","href":"https:\/\/api.w.org\/{rel}","templated":true}]}}