{"id":541,"date":"2021-05-04T12:47:57","date_gmt":"2021-05-04T11:47:57","guid":{"rendered":"https:\/\/nexoted.com\/?page_id=541"},"modified":"2022-12-12T16:41:31","modified_gmt":"2022-12-12T15:41:31","slug":"aviso-legal","status":"publish","type":"page","link":"https:\/\/nexoted.com\/es\/aviso-legal\/","title":{"rendered":"Aviso Legal"},"content":{"rendered":"\t\t<div data-elementor-type=\"wp-page\" data-elementor-id=\"541\" class=\"elementor elementor-541\" data-elementor-post-type=\"page\">\n\t\t\t\t\t\t<section class=\"elementor-section elementor-top-section elementor-element elementor-element-37adc87 elementor-section-boxed elementor-section-height-default elementor-section-height-default\" data-id=\"37adc87\" data-element_type=\"section\" data-e-type=\"section\">\n\t\t\t\t\t\t<div class=\"elementor-container elementor-column-gap-no\">\n\t\t\t\t\t<div class=\"elementor-column elementor-col-100 elementor-top-column elementor-element elementor-element-8fd69db\" data-id=\"8fd69db\" data-element_type=\"column\" data-e-type=\"column\">\n\t\t\t<div class=\"elementor-widget-wrap elementor-element-populated\">\n\t\t\t\t\t\t<div class=\"elementor-element elementor-element-2d4ebba elementor-widget elementor-widget-spacer\" data-id=\"2d4ebba\" data-element_type=\"widget\" data-e-type=\"widget\" data-widget_type=\"spacer.default\">\n\t\t\t\t<div class=\"elementor-widget-container\">\n\t\t\t\t\t\t\t<div class=\"elementor-spacer\">\n\t\t\t<div class=\"elementor-spacer-inner\"><\/div>\n\t\t<\/div>\n\t\t\t\t\t\t<\/div>\n\t\t\t\t<\/div>\n\t\t\t\t<div class=\"elementor-element elementor-element-fdbc173 elementor-widget elementor-widget-heading\" data-id=\"fdbc173\" data-element_type=\"widget\" data-e-type=\"widget\" data-widget_type=\"heading.default\">\n\t\t\t\t<div class=\"elementor-widget-container\">\n\t\t\t\t\t<h2 class=\"elementor-heading-title elementor-size-default\">Aviso Legal<\/h2>\t\t\t\t<\/div>\n\t\t\t\t<\/div>\n\t\t\t\t<div class=\"elementor-element elementor-element-84ea099 elementor-widget elementor-widget-spacer\" data-id=\"84ea099\" data-element_type=\"widget\" data-e-type=\"widget\" data-widget_type=\"spacer.default\">\n\t\t\t\t<div class=\"elementor-widget-container\">\n\t\t\t\t\t\t\t<div class=\"elementor-spacer\">\n\t\t\t<div class=\"elementor-spacer-inner\"><\/div>\n\t\t<\/div>\n\t\t\t\t\t\t<\/div>\n\t\t\t\t<\/div>\n\t\t\t\t<div class=\"elementor-element elementor-element-6b0807c elementor-widget elementor-widget-text-editor\" data-id=\"6b0807c\" data-element_type=\"widget\" data-e-type=\"widget\" data-widget_type=\"text-editor.default\">\n\t\t\t\t<div class=\"elementor-widget-container\">\n\t\t\t\t\t\t\t\t\t<p><span style=\"color: var( --e-global-color-secondary ); font-size: 1rem;\">Denominaci\u00f3n Social: SOLUCIONES TECNICAS NEXOTED, S.L<\/span><\/p><p>Nombre Comercial: SOLUCIONES TECNICAS NEXOTED, S.L<\/p><p>Domicilio Social: POL INDUSTRIAL VEIGADA\u00d1A C ANEL DO PERRAL , 43 36416 MOS<\/p><p>NIF: B36907699<\/p><p>Tel\u00e9fono: 986 441 175<\/p><p>E-Mail: <a href=\"mailto:nexoted@nexoted.com\">nexoted@nexoted.com<\/a><\/p><p>Nombre de dominio: <a href=\"http:\/\/www.nexoted.com\/\">www.nexoted.com<\/a><\/p><p><strong><br \/>Objeto<\/strong><\/p><p>El prestador, responsable del sitio web, pone a disposici\u00f3n de los usuarios el presente documento con el que pretende dar cumplimiento a las obligaciones dispuestas en la Ley 34\/2002, de Servicios de la Sociedad de la Informaci\u00f3n y del Comercio Electr\u00f3nico (LSSI-CE), as\u00ed como informar a todos los usuarios del sitio web respecto a cu\u00e1les son las condiciones de uso del sitio web.<\/p><p>Toda persona que acceda a este sitio web asume el papel de usuario, comprometi\u00e9ndose a la observancia y cumplimiento riguroso de las disposiciones aqu\u00ed dispuestas, as\u00ed como a cualesquiera otra disposici\u00f3n legal que fuera de aplicaci\u00f3n.<\/p><p>El prestador se reserva el derecho a modificar cualquier tipo de informaci\u00f3n que pudiera aparecer en el sitio web, sin que exista obligaci\u00f3n de preavisar o poner en conocimiento de los usuarios dichas obligaciones, entendi\u00e9ndose como suficiente con la publicaci\u00f3n en el sitio web del prestador.<\/p><p><strong>Responsabilidad<\/strong><\/p><p>El prestador se exime de cualquier tipo de responsabilidad derivada de la informaci\u00f3n publicada en su sitio web, siempre que esta informaci\u00f3n haya sido manipulada o introducida por un tercero ajeno al mismo.<\/p><p>El sitio web del prestador puede utilizar cookies (peque\u00f1os archivos de informaci\u00f3n que el servidor env\u00eda al ordenador de quien accede a la p\u00e1gina) para llevar a cabo determinadas funciones que son consideradas imprescindibles para el correcto funcionamiento y visualizaci\u00f3n del sitio. Las cookies utilizadas en el sitio web tienen, en todo caso, car\u00e1cter temporal con la \u00fanica finalidad de hacer m\u00e1s eficaz su transmisi\u00f3n ulterior y desaparecen al terminar la sesi\u00f3n del usuario. En ning\u00fan caso se utilizar\u00e1n las cookies para recoger informaci\u00f3n de car\u00e1cter personal.<\/p><p>Desde el sitio web del cliente es posible que se redirija a contenidos de terceros sitios web. Dado que el prestador no puede controlar siempre los contenidos introducidos por los terceros en sus sitios web, \u00e9ste no asume ning\u00fan tipo de responsabilidad respecto a dichos contenidos. En todo caso, el prestador manifiesta que proceder\u00e1 a la retirada inmediata de cualquier contenido que pudiera contravenir la legislaci\u00f3n nacional o internacional, la moral o el orden p\u00fablico, procediendo a la retirada inmediata de la redirecci\u00f3n a dicho sitio web, poniendo en conocimiento de las autoridades competentes el contenido en cuesti\u00f3n.<\/p><p><span style=\"text-decoration: underline;\">El prestador no se hace responsable de la informaci\u00f3n y contenidos almacenados, a t\u00edtulo enunciativo pero no limitativo, en foros, chat\u00b4s, generadores de blogs, comentarios, redes sociales o cualesquiera otro medio que permita a terceros publicar contenidos de forma independiente en la p\u00e1gina web del prestador. No obstante y en cumplimiento de lo dispuesto en el art. 11 y 16 de la LSSI-CE, el prestador se pone a disposici\u00f3n de todos los usuarios, autoridades y fuerzas de seguridad, y colaborando de forma activa en la retirada o en su caso bloqueo de todos aquellos contenidos que pudieran afectar o contravenir la legislaci\u00f3n nacional, o internacional, derechos de terceros o la moral y el orden p\u00fablico. En caso de que el usuario considere que existe en el sitio web alg\u00fan contenido que pudiera ser susceptible de esta clasificaci\u00f3n, se ruega lo notifique de forma inmediata al administrador del sitio web.<\/span><\/p><p>Este sitio web ha sido revisado y probado para que funcione correctamente. En principio, puede garantizarse el correcto funcionamiento los 365 d\u00edas del a\u00f1o, 24 horas al d\u00eda. No obstante, el prestador no descarta la posibilidad de que existan ciertos errores de programaci\u00f3n, o que acontezcan causas de fuerza mayor, cat\u00e1strofes naturales, huelgas, o circunstancias semejantes que hagan imposible el acceso a la p\u00e1gina web.<\/p><p><strong>Protecci\u00f3n de datos personales<\/strong><\/p><p>SOLUCIONES TECNICAS NEXOTED, S.L\u00a0 titular del portal \u00a0<a href=\"http:\/\/www.nexoted.com\/\">www.nexoted.com<\/a>, informa a los usuarios del mismo, en adelante el \u201cportal\u201d, que SOLUCIONES TECNICAS NEXOTED, S.L es responsable de los tratamientos que se realicen mediante este portal, salvo que otra cosa se informe en el tratamiento de que se trate.<\/p><p>SOLUCIONES TECNICAS NEXOTED, S.L respeta la legislaci\u00f3n vigente en materia de protecci\u00f3n de datos personales, la privacidad de los usuarios y el secreto y seguridad de los datos personales, de conformidad con lo establecido en la legislaci\u00f3n aplicable en materia de protecci\u00f3n de datos, en concreto, el Reglamento 2016\/679 del Parlamento Europeo y del Consejo de 27 de abril de 2016, adoptando para ello las medidas t\u00e9cnicas y organizativas necesarias para evitar la p\u00e9rdida, mal uso, alteraci\u00f3n, acceso no autorizado y robo de los datos personales facilitados, habida cuenta del estado de la tecnolog\u00eda, la naturaleza de los datos y los riesgos a los que est\u00e1n expuestos.<\/p><p>En concreto, se informa a los usuarios del portal que sus datos de car\u00e1cter personal s\u00f3lo podr\u00e1n obtenerse para su tratamiento cuando sean adecuados, pertinentes y no excesivos en relaci\u00f3n con el \u00e1mbito y las finalidades determinadas, expl\u00edcitas y leg\u00edtimas para las que se hayan obtenido.<\/p><p>Cuando se recaben los datos personales a trav\u00e9s del portal, se informar\u00e1 previamente al usuario, de forma clara e inequ\u00edvoca, de los siguientes extremos:<\/p><ul><li>Existencia de un tratamiento de datos de car\u00e1cter personal.<\/li><li>la identidad y los datos de contacto del responsable del tratamiento de datos personales obtenidos,<\/li><li>los datos de contacto del Delegado de Protecci\u00f3n de Datos, si procede;<\/li><li>los fines del tratamiento a que se destinan los datos personales y la base jur\u00eddica del tratamiento;<\/li><li>los destinatarios o las categor\u00edas de destinatarios de los datos personales, en su caso.<\/li><li>en su caso, la intenci\u00f3n del responsable de transferir datos personales a un tercer pa\u00eds;<\/li><li>el plazo o los criterios de conservaci\u00f3n de la informaci\u00f3n;<\/li><li>la existencia del derecho a solicitar al responsable del tratamiento el acceso a los datos personales relativos al interesado, y su rectificaci\u00f3n o supresi\u00f3n, o la limitaci\u00f3n de su tratamiento, el derecho a la portabilidad de los datos, o a oponerse al tratamiento. Asimismo, la manera de ejercitar los mencionados derechos.<\/li><li>cuando el tratamiento est\u00e9 basado en el consentimiento del interesado, la existencia del derecho a retirar el consentimiento en cualquier momento, sin que ello afecte a la licitud del tratamiento basado en el consentimiento previo a su retirada; Si el tratamiento no est\u00e1 basado en el consentimiento, su derecho a ejercer la oposici\u00f3n al tratamiento.<\/li><li>el derecho a presentar una reclamaci\u00f3n ante una autoridad de control;<\/li><li>la existencia, si las hubiera, de decisiones automatizas, incluida la elaboraci\u00f3n de perfiles y el ejercicio de derechos asociados a dicho tratamiento.<\/li><\/ul><p>En particular, cuando se recaben datos de ni\u00f1os, el tratamiento \u00fanicamente se considerar\u00e1 l\u00edcito si el consentimiento lo dio o autoriz\u00f3 el titular de la patria potestad o tutela sobre el ni\u00f1o.<\/p><p>El usuario ser\u00e1 el \u00fanico responsable a causa de la cumplimentaci\u00f3n de los formularios con datos falsos, inexactos, incompletos o no actualizados.<\/p><p>Los datos proporcionados se conservar\u00e1n mientras se mantenga la relaci\u00f3n comercial o durante los a\u00f1os necesarios para cumplir con las obligaciones legales. Los datos que se le solicitan resultan necesarios, de manera que de no facilitarlos no ser\u00e1 posible la prestaci\u00f3n del servicio requerido. Los datos no se ceder\u00e1n a terceros salvo en los casos en que exista una obligaci\u00f3n legal. Usted tiene derecho a obtener confirmaci\u00f3n sobre si en SOLUCIONES TECNICAS NEXOTED, S.L estamos tratando sus datos personales por tanto tiene derecho a acceder a sus datos personales, rectificar los datos inexactos o solicitar su supresi\u00f3n cuando los datos ya no sean necesarios, a la limitaci\u00f3n de su tratamiento, o a oponerse al tratamiento, as\u00ed como al derecho de la portabilidad de los datos.<\/p><p>Tiene derecho a presentar una reclamaci\u00f3n ante la Autoridad de Control (Agencia Espa\u00f1ola de Protecci\u00f3n de Datos <a href=\"http:\/\/www.aepd.es\/\">www.aepd.es<\/a>).<\/p><p><strong>Propiedad intelectual e industrial<\/strong><\/p><p>El sitio web, incluyendo a t\u00edtulo enunciativo pero no limitativo su programaci\u00f3n, edici\u00f3n, compilaci\u00f3n y dem\u00e1s elementos necesarios para su funcionamiento, los dise\u00f1os, logotipos, texto y\/o gr\u00e1ficos son propiedad del prestador o en su caso dispone de licencia o autorizaci\u00f3n expresa por parte de los autores. Todos los contenidos del sitio web se encuentran debidamente protegidos por la normativa de propiedad intelectual e industrial, as\u00ed como inscritos en los registros p\u00fablicos correspondientes.<\/p><p>Independientemente de la finalidad para la que fueran destinados, la reproducci\u00f3n total o parcial, uso, explotaci\u00f3n, distribuci\u00f3n y comercializaci\u00f3n, requiere en todo caso de la autorizaci\u00f3n escrita previa por parte del prestador. Cualquier uso no autorizado previamente por parte del prestador ser\u00e1 considerado un incumplimiento grave de los derechos de propiedad intelectual o industrial del autor.<\/p><p>Los dise\u00f1os, logotipos, texto y\/o gr\u00e1ficos ajenos al prestador y que pudieran aparecer en el sitio web, pertenecen a sus respectivos propietarios, siendo ellos mismos responsables de cualquier posible controversia que pudiera suscitarse respecto a los mismos. En todo caso, el prestador cuenta con la autorizaci\u00f3n expresa y previa por parte de los mismos.<\/p><p>El prestador reconoce a favor de sus titulares los correspondientes derechos de propiedad industrial e intelectual, no implicando su sola menci\u00f3n o aparici\u00f3n en el sitio web la existencia de derechos o responsabilidad alguna del prestador sobre los mismos, como tampoco respaldo, patrocinio o recomendaci\u00f3n por parte del mismo.<\/p><p>Para realizar cualquier tipo de observaci\u00f3n respecto a posibles incumplimientos de los derechos de propiedad intelectual o industrial, as\u00ed como sobre cualquiera de los contenidos del sitio web, puede hacerlo a trav\u00e9s del siguiente correo electr\u00f3nico: <a href=\"mailto:nexoted@nexoted.com\">nexoted@nexoted.com<\/a><\/p><p><strong>Ley aplicable y jurisdicci\u00f3n<\/strong><\/p><p>Para la resoluci\u00f3n de todas las controversias o cuestiones relacionadas con el presente sitio web o de las actividades en \u00e9l desarrolladas, ser\u00e1 de aplicaci\u00f3n la legislaci\u00f3n espa\u00f1ola, a la que se someten expresamente las partes, siendo competentes para la resoluci\u00f3n de todos los conflictos derivados o relacionados con su uso los Juzgados y Tribunales de Pontevedra.<\/p>\t\t\t\t\t\t\t\t<\/div>\n\t\t\t\t<\/div>\n\t\t\t\t<div class=\"elementor-element elementor-element-b78e06b elementor-widget elementor-widget-spacer\" data-id=\"b78e06b\" data-element_type=\"widget\" data-e-type=\"widget\" data-widget_type=\"spacer.default\">\n\t\t\t\t<div class=\"elementor-widget-container\">\n\t\t\t\t\t\t\t<div class=\"elementor-spacer\">\n\t\t\t<div class=\"elementor-spacer-inner\"><\/div>\n\t\t<\/div>\n\t\t\t\t\t\t<\/div>\n\t\t\t\t<\/div>\n\t\t\t\t\t<\/div>\n\t\t<\/div>\n\t\t\t\t\t<\/div>\n\t\t<\/section>\n\t\t\t\t<\/div>\n\t\t","protected":false},"excerpt":{"rendered":"<p>Aviso Legal Denominaci\u00f3n Social: SOLUCIONES TECNICAS NEXOTED, S.L Nombre Comercial: SOLUCIONES TECNICAS NEXOTED, S.L Domicilio Social: POL INDUSTRIAL VEIGADA\u00d1A C ANEL DO PERRAL , 43 36416 MOS NIF: B36907699 Tel\u00e9fono: 986 441 175 E-Mail: nexoted@nexoted.com Nombre de dominio: www.nexoted.com Objeto El prestador, responsable del sitio web, pone a disposici\u00f3n de los usuarios el presente documento [&hellip;]<\/p>\n","protected":false},"author":2,"featured_media":0,"parent":0,"menu_order":0,"comment_status":"closed","ping_status":"closed","template":"elementor_header_footer","meta":{"_acf_changed":false,"footnotes":""},"class_list":["post-541","page","type-page","status-publish","hentry"],"acf":[],"yoast_head":"<!-- This site is optimized with the Yoast SEO plugin v27.6 - https:\/\/yoast.com\/product\/yoast-seo-wordpress\/ -->\n<title>Aviso Legal - Salvaescaleras Nexoted<\/title>\n<meta name=\"robots\" content=\"index, follow, max-snippet:-1, max-image-preview:large, max-video-preview:-1\" \/>\n<link rel=\"canonical\" href=\"https:\/\/nexoted.com\/aviso-legal\/\" \/>\n<meta property=\"og:locale\" content=\"es_ES\" \/>\n<meta property=\"og:type\" content=\"article\" \/>\n<meta property=\"og:title\" content=\"Aviso Legal - Salvaescaleras Nexoted\" \/>\n<meta property=\"og:description\" content=\"Aviso Legal Denominaci\u00f3n Social: SOLUCIONES TECNICAS NEXOTED, S.L Nombre Comercial: SOLUCIONES TECNICAS NEXOTED, S.L Domicilio Social: POL INDUSTRIAL VEIGADA\u00d1A C ANEL DO PERRAL , 43 36416 MOS NIF: B36907699 Tel\u00e9fono: 986 441 175 E-Mail: nexoted@nexoted.com Nombre de dominio: www.nexoted.com Objeto El prestador, responsable del sitio web, pone a disposici\u00f3n de los usuarios el presente documento [&hellip;]\" \/>\n<meta property=\"og:url\" content=\"https:\/\/nexoted.com\/aviso-legal\/\" \/>\n<meta property=\"og:site_name\" content=\"Salvaescaleras Nexoted\" \/>\n<meta property=\"article:modified_time\" content=\"2022-12-12T15:41:31+00:00\" \/>\n<meta name=\"twitter:card\" content=\"summary_large_image\" \/>\n<meta name=\"twitter:label1\" content=\"Tiempo de lectura\" \/>\n\t<meta name=\"twitter:data1\" content=\"8 minutos\" \/>\n<script type=\"application\/ld+json\" class=\"yoast-schema-graph\">{\"@context\":\"https:\\\/\\\/schema.org\",\"@graph\":[{\"@type\":\"WebPage\",\"@id\":\"https:\\\/\\\/nexoted.com\\\/aviso-legal\\\/\",\"url\":\"https:\\\/\\\/nexoted.com\\\/aviso-legal\\\/\",\"name\":\"Aviso Legal - Salvaescaleras Nexoted\",\"isPartOf\":{\"@id\":\"https:\\\/\\\/nexoted.com\\\/es\\\/#website\"},\"datePublished\":\"2021-05-04T11:47:57+00:00\",\"dateModified\":\"2022-12-12T15:41:31+00:00\",\"breadcrumb\":{\"@id\":\"https:\\\/\\\/nexoted.com\\\/aviso-legal\\\/#breadcrumb\"},\"inLanguage\":\"es\",\"potentialAction\":[{\"@type\":\"ReadAction\",\"target\":[\"https:\\\/\\\/nexoted.com\\\/aviso-legal\\\/\"]}]},{\"@type\":\"BreadcrumbList\",\"@id\":\"https:\\\/\\\/nexoted.com\\\/aviso-legal\\\/#breadcrumb\",\"itemListElement\":[{\"@type\":\"ListItem\",\"position\":1,\"name\":\"Portada\",\"item\":\"https:\\\/\\\/nexoted.com\\\/\"},{\"@type\":\"ListItem\",\"position\":2,\"name\":\"Aviso Legal\"}]},{\"@type\":\"WebSite\",\"@id\":\"https:\\\/\\\/nexoted.com\\\/es\\\/#website\",\"url\":\"https:\\\/\\\/nexoted.com\\\/es\\\/\",\"name\":\"Salvaescaleras Nexoted\",\"description\":\"Accesibilidad\",\"potentialAction\":[{\"@type\":\"SearchAction\",\"target\":{\"@type\":\"EntryPoint\",\"urlTemplate\":\"https:\\\/\\\/nexoted.com\\\/es\\\/?s={search_term_string}\"},\"query-input\":{\"@type\":\"PropertyValueSpecification\",\"valueRequired\":true,\"valueName\":\"search_term_string\"}}],\"inLanguage\":\"es\"}]}<\/script>\n<!-- \/ Yoast SEO plugin. -->","yoast_head_json":{"title":"Aviso Legal - Salvaescaleras Nexoted","robots":{"index":"index","follow":"follow","max-snippet":"max-snippet:-1","max-image-preview":"max-image-preview:large","max-video-preview":"max-video-preview:-1"},"canonical":"https:\/\/nexoted.com\/aviso-legal\/","og_locale":"es_ES","og_type":"article","og_title":"Aviso Legal - Salvaescaleras Nexoted","og_description":"Aviso Legal Denominaci\u00f3n Social: SOLUCIONES TECNICAS NEXOTED, S.L Nombre Comercial: SOLUCIONES TECNICAS NEXOTED, S.L Domicilio Social: POL INDUSTRIAL VEIGADA\u00d1A C ANEL DO PERRAL , 43 36416 MOS NIF: B36907699 Tel\u00e9fono: 986 441 175 E-Mail: nexoted@nexoted.com Nombre de dominio: www.nexoted.com Objeto El prestador, responsable del sitio web, pone a disposici\u00f3n de los usuarios el presente documento [&hellip;]","og_url":"https:\/\/nexoted.com\/aviso-legal\/","og_site_name":"Salvaescaleras Nexoted","article_modified_time":"2022-12-12T15:41:31+00:00","twitter_card":"summary_large_image","twitter_misc":{"Tiempo de lectura":"8 minutos"},"schema":{"@context":"https:\/\/schema.org","@graph":[{"@type":"WebPage","@id":"https:\/\/nexoted.com\/aviso-legal\/","url":"https:\/\/nexoted.com\/aviso-legal\/","name":"Aviso Legal - Salvaescaleras Nexoted","isPartOf":{"@id":"https:\/\/nexoted.com\/es\/#website"},"datePublished":"2021-05-04T11:47:57+00:00","dateModified":"2022-12-12T15:41:31+00:00","breadcrumb":{"@id":"https:\/\/nexoted.com\/aviso-legal\/#breadcrumb"},"inLanguage":"es","potentialAction":[{"@type":"ReadAction","target":["https:\/\/nexoted.com\/aviso-legal\/"]}]},{"@type":"BreadcrumbList","@id":"https:\/\/nexoted.com\/aviso-legal\/#breadcrumb","itemListElement":[{"@type":"ListItem","position":1,"name":"Portada","item":"https:\/\/nexoted.com\/"},{"@type":"ListItem","position":2,"name":"Aviso Legal"}]},{"@type":"WebSite","@id":"https:\/\/nexoted.com\/es\/#website","url":"https:\/\/nexoted.com\/es\/","name":"Salvaescaleras Nexoted","description":"Accesibilidad","potentialAction":[{"@type":"SearchAction","target":{"@type":"EntryPoint","urlTemplate":"https:\/\/nexoted.com\/es\/?s={search_term_string}"},"query-input":{"@type":"PropertyValueSpecification","valueRequired":true,"valueName":"search_term_string"}}],"inLanguage":"es"}]}},"_links":{"self":[{"href":"https:\/\/nexoted.com\/es\/wp-json\/wp\/v2\/pages\/541","targetHints":{"allow":["GET"]}}],"collection":[{"href":"https:\/\/nexoted.com\/es\/wp-json\/wp\/v2\/pages"}],"about":[{"href":"https:\/\/nexoted.com\/es\/wp-json\/wp\/v2\/types\/page"}],"author":[{"embeddable":true,"href":"https:\/\/nexoted.com\/es\/wp-json\/wp\/v2\/users\/2"}],"replies":[{"embeddable":true,"href":"https:\/\/nexoted.com\/es\/wp-json\/wp\/v2\/comments?post=541"}],"version-history":[{"count":16,"href":"https:\/\/nexoted.com\/es\/wp-json\/wp\/v2\/pages\/541\/revisions"}],"predecessor-version":[{"id":3615,"href":"https:\/\/nexoted.com\/es\/wp-json\/wp\/v2\/pages\/541\/revisions\/3615"}],"wp:attachment":[{"href":"https:\/\/nexoted.com\/es\/wp-json\/wp\/v2\/media?parent=541"}],"curies":[{"name":"wp","href":"https:\/\/api.w.org\/{rel}","templated":true}]}}